{"id":32287,"date":"2021-05-03T15:38:22","date_gmt":"2021-05-03T13:38:22","guid":{"rendered":"https:\/\/beogeek.com\/?page_id=32287"},"modified":"2026-01-14T22:21:33","modified_gmt":"2026-01-14T20:21:33","slug":"about-me","status":"publish","type":"page","link":"https:\/\/www.beogeek.com\/rs\/about-me\/","title":{"rendered":"O Meni"},"content":{"rendered":"<div class=\"wpb-content-wrapper\"><div class=\"vc_row-full-width-before\"><\/div><div id=\"vc_row-69fb31262fe35\" data-vc-full-width=\"true\" data-vc-full-width-init=\"false\" class=\"vc_row wpb_row vc_row-fluid vc_custom_1768421386105 thegem-custom-69fb31262fe105723\"><script type=\"text\/javascript\">if (typeof(gem_fix_fullwidth_position) == \"function\") { gem_fix_fullwidth_position(document.getElementById(\"vc_row-69fb31262fe35\")); }<\/script>\n<style>\n#vc_row-69fb31262fe35 .separator{\n    width: 133px;\n    border-width: 2px;\n    margin: 0 auto;\n}\n<\/style>\n<div class=\"wpb_column vc_column_container vc_col-sm-12 thegem-custom-69fb3126300957338 disable-custom-paggings-mobile\" ><div class=\"vc_column-inner thegem-custom-inner-69fb312630098 vc_custom_1768250641721\"><div class=\"wpb_wrapper thegem-custom-69fb3126300957338\">\r\n\t\r\n\t\t<div class=\"wpb_text_column wpb_content_element  thegem-vc-text thegem-custom-69fb3126304218163\"  >\r\n\t\t\t<div class=\"wpb_wrapper\">\r\n\t\t\t\t<h2 class=\"title-h1\" style=\"text-align: center;\">Poga\u0111anje nije popravka<\/h2>\n\r\n\t\t\t<\/div>\r\n\t\t\t<style>@media screen and (max-width: 1023px) {.thegem-vc-text.thegem-custom-69fb3126304218163{display: block!important;}}@media screen and (max-width: 767px) {.thegem-vc-text.thegem-custom-69fb3126304218163{display: block!important;}}@media screen and (max-width: 1023px) {.thegem-vc-text.thegem-custom-69fb3126304218163{position: relative !important;}}@media screen and (max-width: 767px) {.thegem-vc-text.thegem-custom-69fb3126304218163{position: relative !important;}}<\/style>\r\n\t\t<\/div>\r\n\t\r\n<div class=\"vc_row wpb_row vc_inner vc_row-fluid thegem-custom-69fb3126306438118 custom-inner-column-69fb312630650\" ><div class=\"wpb_column vc_column_container vc_col-sm-4 thegem-custom-69fb3126307f77489\"><div class=\"vc_column-inner thegem-custom-inner-69fb3126307f9\"><div class=\"wpb_wrapper thegem-custom-69fb3126307f77489\">\r\n\t\r\n\t<div  class=\"wpb_single_image wpb_content_element vc_align_center\" >\r\n\t\t\r\n\t\t<figure class=\"wpb_wrapper vc_figure\">\r\n\t\t\t<div class=\"vc_single_image-wrapper vc_box_rounded  vc_box_border_grey\"><img width=\"1000\" height=\"1000\" src=\"https:\/\/www.beogeek.com\/wp-content\/uploads\/2026\/01\/Me.jpg\" class=\"vc_single_image-img attachment-full\" alt=\"\" title=\"Me\" srcset=\"https:\/\/www.beogeek.com\/wp-content\/uploads\/2026\/01\/Me.jpg 1000w, https:\/\/www.beogeek.com\/wp-content\/uploads\/2026\/01\/Me-300x300.jpg 300w, https:\/\/www.beogeek.com\/wp-content\/uploads\/2026\/01\/Me-150x150.jpg 150w, https:\/\/www.beogeek.com\/wp-content\/uploads\/2026\/01\/Me-768x768.jpg 768w, https:\/\/www.beogeek.com\/wp-content\/uploads\/2026\/01\/Me-12x12.jpg 12w, https:\/\/www.beogeek.com\/wp-content\/uploads\/2026\/01\/Me-256x256.jpg 256w\" sizes=\"(max-width: 1000px) 100vw, 1000px\" \/><\/div>\r\n\t\t<\/figure>\r\n\t<\/div>\r\n\t\r\n<\/div><\/div><\/div><div class=\"wpb_column vc_column_container vc_col-sm-8 thegem-custom-69fb3126318292792\"><div class=\"vc_column-inner thegem-custom-inner-69fb312631839\"><div class=\"wpb_wrapper thegem-custom-69fb3126318292792\">\r\n\t\r\n\t\t<div class=\"wpb_text_column wpb_content_element  vc_custom_1768255412841 thegem-vc-text thegem-custom-69fb3126319a07772\"  >\r\n\t\t\t<div class=\"wpb_wrapper\">\r\n\t\t\t\t<p style=\"margin: 0px auto; max-width: 800px; text-align: left;\"><span style=\"font-size: 18pt;\">Zdravo, ja sam Milos, poznat i kao BeoGeek. <\/span><\/p>\n<p>&nbsp;<\/p>\n<p style=\"margin: 0px auto; max-width: 800px; text-align: left;\"><span style=\"font-size: 18pt;\">Specijalizovan sam za board-level popravke elektronike, one koje ve\u0107ina servisa izbegava. Laptopovi, gejming konzole, GPU-ovi, tableti, ure\u0111aji sa o\u0161te\u0107enjem od te\u010dnosti, problemi sa napajanjem, plo\u010de koje se uop\u0161te ne uklju\u010duju. <\/span><\/p>\n<p>&nbsp;<\/p>\n<p style=\"margin: 0px auto; max-width: 800px; text-align: left;\"><span style=\"font-size: 18pt;\">Ako je ure\u0111aj posle brzog pregleda progla\u0161en mrtvim, tada naj\u010de\u0161\u0107e zavr\u0161i na mom radnom stolu. Nisam u\u0161ao u ovaj posao da nasumi\u010dno menjam delove ili da prodajem nove ure\u0111aje. U\u0161ao sam u njega jer se previ\u0161e elektronike otpisuje bez ikakve prave dijagnostike.<\/span><\/p>\n\r\n\t\t\t<\/div>\r\n\t\t\t<style>@media screen and (max-width: 1023px) {.thegem-vc-text.thegem-custom-69fb3126319a07772{display: block!important;}}@media screen and (max-width: 767px) {.thegem-vc-text.thegem-custom-69fb3126319a07772{display: block!important;}}@media screen and (max-width: 1023px) {.thegem-vc-text.thegem-custom-69fb3126319a07772{position: relative !important;}}@media screen and (max-width: 767px) {.thegem-vc-text.thegem-custom-69fb3126319a07772{position: relative !important;}}<\/style>\r\n\t\t<\/div>\r\n\t\r\n<\/div><\/div><\/div><\/div><div style='background-color: #1B1E31; color: #FFFFFF; '  class=\"gem-quote gem-quote-style-2 custom-color-blockqute-mark-added\" ><blockquote  ><em>Kvarovi su merljivi, pratljivi i popravljivi. Treba samo znati gde da se gleda.<\/em><\/blockquote><span style=\"color:#DD3333;\"  class=\"custom-color-blockqute-mark\">&#xe60c;<\/span><\/div><div class=\"clearboth\"><\/div><style>#thegem-divider-69fb312631b57 {margin-top: 83px !important;}<\/style><div id=\"thegem-divider-69fb312631b57\" class=\"gem-divider\" style=\"\" ><\/div><\/div><\/div><\/div><\/div><div class=\"vc_row-full-width vc_clearfix\"><\/div><div class=\"vc_row-full-width-before\"><\/div><div id=\"vc_row-69fb3126323ce\" data-vc-full-width=\"true\" data-vc-full-width-init=\"false\" data-vc-stretch-content=\"true\" class=\"vc_row wpb_row vc_row-fluid vc_custom_1732481260354 thegem-custom-69fb3126323b34632 vc_row-no-padding vc_row-o-equal-height vc_row-flex\"><script type=\"text\/javascript\">if (typeof(gem_fix_fullwidth_position) == \"function\") { gem_fix_fullwidth_position(document.getElementById(\"vc_row-69fb3126323ce\")); }<\/script>\n<style>\n@media (max-width: 1199px) {\n   #vc_row-69fb3126323ce { margin-top: 0;}\n   #vc_row-69fb3126323ce > * { margin-top: 0;}\n}\n@media (max-width: 1199px) {\n   #vc_row-69fb3126323ce .row { margin-top: 0; }\n   #vc_row-69fb3126323ce .row > * { margin-top: 0; }\n}\n<\/style>\n<div class=\"wpb_column vc_column_container vc_col-sm-4 thegem-custom-69fb31263260d3795 vc_col-has-fill\" ><div class=\"vc_column-inner thegem-custom-inner-69fb312632610 vc_custom_1732481149529\"><div class=\"wpb_wrapper thegem-custom-69fb31263260d3795\"><div class=\"gem-image gem-wrapbox gem-wrapbox-style-default gem-wrapbox-position-below lazy-loading  thegem-custom-69fb3126326f49238\"  style=\"width: 160px;\" ><div class=\"gem-wrapbox-inner  lazy-loading-item\"  data-ll-effect=\"move-up\"><img class=\"gem-wrapbox-element img-responsive\" src=\"https:\/\/www.beogeek.com\/wp-content\/uploads\/2022\/03\/BeoGeekLogoNew.png\" alt=\"\"\/><\/div><style type=\"text\/css\">.thegem-custom-69fb3126326f49238.gem-image a:hover img {filter: brightness( 100% ) contrast( 100% ) saturate( 100% ) blur( 0px ) hue-rotate( 0deg );}<\/style><\/div>\r\n\t\r\n\t\t<div class=\"wpb_text_column wpb_content_element  thegem-vc-text thegem-custom-69fb312632f136101\"  >\r\n\t\t\t<div class=\"wpb_wrapper\">\r\n\t\t\t\t<p><span style=\"color: #99a9b5;\">BeoGeek pru\u017ea profesionalne usluge popravke elektronike, specijalizovane za napredno mikro lemljenje. Popravljam i servisiram laptopove, desktop ra\u010dunare, gejming konzole, tablete, mobilne telefone, klju\u010deve za automobile, pametne satove, hard diskove, USB memorije i jo\u0161 mnogo toga!<br \/>\n<\/span><\/p>\n\r\n\t\t\t<\/div>\r\n\t\t\t<style>@media screen and (max-width: 1023px) {.thegem-vc-text.thegem-custom-69fb312632f136101{display: block!important;}}@media screen and (max-width: 767px) {.thegem-vc-text.thegem-custom-69fb312632f136101{display: block!important;}}@media screen and (max-width: 1023px) {.thegem-vc-text.thegem-custom-69fb312632f136101{position: relative !important;}}@media screen and (max-width: 767px) {.thegem-vc-text.thegem-custom-69fb312632f136101{position: relative !important;}}<\/style>\r\n\t\t<\/div>\r\n\t\r\n<div class=\"clearboth\"><\/div><style>#thegem-divider-69fb312633028 {margin-top: 80px !important;}<\/style><div id=\"thegem-divider-69fb312633028\" class=\"gem-divider\" style=\"\" ><\/div><\/div><\/div><\/div><div class=\"wpb_column vc_column_container vc_col-sm-4 thegem-custom-69fb31263318b615 vc_col-has-fill\" ><div class=\"vc_column-inner thegem-custom-inner-69fb31263318d vc_custom_1732481185710\"><div class=\"wpb_wrapper thegem-custom-69fb31263318b615\"><div class=\"gem-icon-with-text gem-icon-with-text-icon-size-medium\" ><div style=\"margin-bottom:0px;padding-top: 30px;padding-right: 1px;padding-bottom: 60px;margin-top:0px; \" class=\"gem-icon-with-text-icon\"><div class=\"gem-icon gem-icon-pack-material gem-icon-size-medium  gem-icon-shape-circle gem-simple-icon\"  style=\"opacity: 1;\"><div class=\"gem-icon-inner\" style=\"\"><span class=\"gem-icon-half-1\" style=\"color: #ffffff;\"><span class=\"back-angle\">&#xf477;<\/span><\/span><span class=\"gem-icon-half-2\" style=\"color: #ffffff;\"><span class=\"back-angle\">&#xf477;<\/span><\/span><\/div><\/div><\/div><div class=\"gem-icon-with-text-content\" ><div class=\"gem-icon-with-text-text\"><\/div><\/div><div class=\"clearboth\"><\/div><\/div>\r\n\t\r\n\t\t<div class=\"wpb_text_column wpb_content_element  vc_custom_1732480276443 thegem-vc-text thegem-custom-69fb3126333db9831\"  >\r\n\t\t\t<div class=\"wpb_wrapper\">\r\n\t\t\t\t<div class=\"title-h4 translation-block\"><span style=\"color: #ffffff\"><span class=\"light\" style=\"color: #dd3333\">moj<\/span> kontakt<\/span><\/div>\n\r\n\t\t\t<\/div>\r\n\t\t\t<style>@media screen and (max-width: 1023px) {.thegem-vc-text.thegem-custom-69fb3126333db9831{display: block!important;}}@media screen and (max-width: 767px) {.thegem-vc-text.thegem-custom-69fb3126333db9831{display: block!important;}}@media screen and (max-width: 1023px) {.thegem-vc-text.thegem-custom-69fb3126333db9831{position: relative !important;}}@media screen and (max-width: 767px) {.thegem-vc-text.thegem-custom-69fb3126333db9831{position: relative !important;}}<\/style>\r\n\t\t<\/div>\r\n\t\r\n\r\n\t\r\n\t\t<div class=\"wpb_text_column wpb_content_element  thegem-vc-text thegem-custom-69fb3126335495234\"  >\r\n\t\t\t<div class=\"wpb_wrapper\">\r\n\t\t\t\t<p><a href=\"viber:\/\/chat?number=%2B381638886542\" rel=\"\">Viber<\/a><br \/>\n<a href=\"https:\/\/wa.me\/381638886542\" target=\"_blank\" rel=\"noopener\">WhatsApp<\/a><br \/>\n<a href=\"https:\/\/t.me\/beogeek\">Telegram<\/a><\/p>\n\r\n\t\t\t<\/div>\r\n\t\t\t<style>@media screen and (max-width: 1023px) {.thegem-vc-text.thegem-custom-69fb3126335495234{display: block!important;}}@media screen and (max-width: 767px) {.thegem-vc-text.thegem-custom-69fb3126335495234{display: block!important;}}@media screen and (max-width: 1023px) {.thegem-vc-text.thegem-custom-69fb3126335495234{position: relative !important;}}@media screen and (max-width: 767px) {.thegem-vc-text.thegem-custom-69fb3126335495234{position: relative !important;}}<\/style>\r\n\t\t<\/div>\r\n\t\r\n<div class=\"clearboth\"><\/div><style>#thegem-divider-69fb312633640 {margin-top: 80px !important;}<\/style><div id=\"thegem-divider-69fb312633640\" class=\"gem-divider\" style=\"\" ><\/div><\/div><\/div><\/div><div class=\"wpb_column vc_column_container vc_col-sm-4 thegem-custom-69fb3126338652346 vc_col-has-fill\" ><div class=\"vc_column-inner thegem-custom-inner-69fb312633869 vc_custom_1732481211348\"><div class=\"wpb_wrapper thegem-custom-69fb3126338652346\"><div class=\"gem-icon-with-text gem-icon-with-text-icon-size-medium\" ><div style=\"margin-bottom:0px;padding-top: 30px;padding-right: 1px;padding-bottom: 60px;margin-top:0px; \" class=\"gem-icon-with-text-icon\"><div class=\"gem-icon gem-icon-pack-material gem-icon-size-medium  gem-icon-shape-circle gem-simple-icon\"  style=\"opacity: 1;\"><div class=\"gem-icon-inner\" style=\"\"><span class=\"gem-icon-half-1\" style=\"color: #ffffff;\"><span class=\"back-angle\">&#xf221;<\/span><\/span><span class=\"gem-icon-half-2\" style=\"color: #ffffff;\"><span class=\"back-angle\">&#xf221;<\/span><\/span><\/div><\/div><\/div><div class=\"gem-icon-with-text-content\" ><div class=\"gem-icon-with-text-text\"><\/div><\/div><div class=\"clearboth\"><\/div><\/div>\r\n\t\r\n\t\t<div class=\"wpb_text_column wpb_content_element  vc_custom_1732480283908 thegem-vc-text thegem-custom-69fb312633b3f9280\"  >\r\n\t\t\t<div class=\"wpb_wrapper\">\r\n\t\t\t\t<div class=\"title-h4 translation-block\"><span style=\"color: #ffffff\"><span class=\"light\" style=\"color: #dd3333\">moje <\/span>Radno Vreme<\/span><\/div>\n\r\n\t\t\t<\/div>\r\n\t\t\t<style>@media screen and (max-width: 1023px) {.thegem-vc-text.thegem-custom-69fb312633b3f9280{display: block!important;}}@media screen and (max-width: 767px) {.thegem-vc-text.thegem-custom-69fb312633b3f9280{display: block!important;}}@media screen and (max-width: 1023px) {.thegem-vc-text.thegem-custom-69fb312633b3f9280{position: relative !important;}}@media screen and (max-width: 767px) {.thegem-vc-text.thegem-custom-69fb312633b3f9280{position: relative !important;}}<\/style>\r\n\t\t<\/div>\r\n\t\r\n\r\n\t\r\n\t\t<div class=\"wpb_text_column wpb_content_element  thegem-vc-text thegem-custom-69fb312633cde3228\"  >\r\n\t\t\t<div class=\"wpb_wrapper\">\r\n\t\t\t\t<p><span style=\"color: #99a9b5;\">Ponedeljak - Petak: 9:00 - 17:00<br \/>\nSubota: 8:00 - 12:00<br \/>\nNedelja: <span style=\"color: #dd3333;\">Ne Radim<\/span><br \/>\n<\/span><\/p>\n\r\n\t\t\t<\/div>\r\n\t\t\t<style>@media screen and (max-width: 1023px) {.thegem-vc-text.thegem-custom-69fb312633cde3228{display: block!important;}}@media screen and (max-width: 767px) {.thegem-vc-text.thegem-custom-69fb312633cde3228{display: block!important;}}@media screen and (max-width: 1023px) {.thegem-vc-text.thegem-custom-69fb312633cde3228{position: relative !important;}}@media screen and (max-width: 767px) {.thegem-vc-text.thegem-custom-69fb312633cde3228{position: relative !important;}}<\/style>\r\n\t\t<\/div>\r\n\t\r\n<div class=\"clearboth\"><\/div><style>#thegem-divider-69fb312633dbd {margin-top: 80px !important;}<\/style><div id=\"thegem-divider-69fb312633dbd\" class=\"gem-divider\" style=\"\" ><\/div><\/div><\/div><\/div><\/div><div class=\"vc_row-full-width vc_clearfix\"><\/div>\n<\/div>","protected":false},"excerpt":{"rendered":"<p>Prava dijagnostika. Bez naga\u0111anja. Bez pre\u010dica.<br \/>\nAko je popravljivo, na\u0107i \u0107u re\u0161enje.<\/p>","protected":false},"author":1,"featured_media":0,"parent":0,"menu_order":0,"comment_status":"closed","ping_status":"closed","template":"","meta":{"_acf_changed":false,"footnotes":""},"class_list":["post-32287","page","type-page","status-publish"],"acf":[],"_links":{"self":[{"href":"https:\/\/www.beogeek.com\/rs\/wp-json\/wp\/v2\/pages\/32287","targetHints":{"allow":["GET"]}}],"collection":[{"href":"https:\/\/www.beogeek.com\/rs\/wp-json\/wp\/v2\/pages"}],"about":[{"href":"https:\/\/www.beogeek.com\/rs\/wp-json\/wp\/v2\/types\/page"}],"author":[{"embeddable":true,"href":"https:\/\/www.beogeek.com\/rs\/wp-json\/wp\/v2\/users\/1"}],"replies":[{"embeddable":true,"href":"https:\/\/www.beogeek.com\/rs\/wp-json\/wp\/v2\/comments?post=32287"}],"version-history":[{"count":0,"href":"https:\/\/www.beogeek.com\/rs\/wp-json\/wp\/v2\/pages\/32287\/revisions"}],"wp:attachment":[{"href":"https:\/\/www.beogeek.com\/rs\/wp-json\/wp\/v2\/media?parent=32287"}],"curies":[{"name":"wp","href":"https:\/\/api.w.org\/{rel}","templated":true}]}}